{"id":6309,"date":"2019-01-29T15:43:13","date_gmt":"2019-01-29T14:43:13","guid":{"rendered":"https:\/\/digital4d.net\/masterspray\/prodotto\/pc-30\/"},"modified":"2019-01-29T15:43:13","modified_gmt":"2019-01-29T14:43:13","slug":"pc-30","status":"publish","type":"product","link":"https:\/\/digital4d.net\/masterspray\/prodotto\/pc-30\/?lang=de","title":{"rendered":"PC 30"},"content":{"rendered":"<p>Es handelt sich um ein peristaltisches Ger\u00e4t zum Verspr\u00fchen von fl\u00fcssigen und pulverf\u00f6rmigen Produkten. Neben den \u00fcblicherweise im Baugewerbe verwendeten Produkten ist das Spritzen von Farben, Putzen, Deckanstrichen, Putzen und Abdichtungsmitteln, auch auf Faserbasis mit K\u00f6rnungen bis 3 mm, m\u00f6glich.<\/p>\n<h3>Anwendungen<\/h3>\n<p>Kunstharze mit K\u00f6rnung bis 3 mm, Silikate mit K\u00f6rnung. bis 3 mm, Silikatharze, W\u00e4rmeisolatoren, Isolierpasten, por\u00f6se Zementbeschichtungen, Putze, Kunstharze, Spachtelmassen, Grundierungen, Spachtelfarben, auch Faserfarben, Quarzfarben, dekorative Beschichtungen, Bitumenbeschichtungen, feuerfest, schalld\u00e4mmend<\/p>\n<h3>Anwendungsfelder<\/h3>\n<p>Innen- und Au\u00dfenputzarbeiten \u2022 Renovierungen \u2022 Abdichtungen<\/p>\n<p>&nbsp;<\/p>\n","protected":false},"excerpt":{"rendered":"<p>Es handelt sich um ein peristaltisches Ger\u00e4t zum Auftragen dichter fl\u00fcssiger und pulverf\u00f6rmiger Produkte mit einer Korngr\u00f6\u00dfe von bis zu 3 mm.<\/p>\n","protected":false},"featured_media":6304,"template":"","meta":[],"product_brand":[],"product_cat":[472],"product_tag":[478],"class_list":{"0":"post-6309","1":"product","2":"type-product","3":"status-publish","4":"has-post-thumbnail","6":"product_cat-peristaltische-pumpe","7":"product_tag-aufbau","9":"first","10":"instock","11":"shipping-taxable","12":"product-type-simple"},"_links":{"self":[{"href":"https:\/\/digital4d.net\/masterspray\/wp-json\/wp\/v2\/product\/6309","targetHints":{"allow":["GET"]}}],"collection":[{"href":"https:\/\/digital4d.net\/masterspray\/wp-json\/wp\/v2\/product"}],"about":[{"href":"https:\/\/digital4d.net\/masterspray\/wp-json\/wp\/v2\/types\/product"}],"wp:featuredmedia":[{"embeddable":true,"href":"https:\/\/digital4d.net\/masterspray\/wp-json\/wp\/v2\/media\/6304"}],"wp:attachment":[{"href":"https:\/\/digital4d.net\/masterspray\/wp-json\/wp\/v2\/media?parent=6309"}],"wp:term":[{"taxonomy":"product_brand","embeddable":true,"href":"https:\/\/digital4d.net\/masterspray\/wp-json\/wp\/v2\/product_brand?post=6309"},{"taxonomy":"product_cat","embeddable":true,"href":"https:\/\/digital4d.net\/masterspray\/wp-json\/wp\/v2\/product_cat?post=6309"},{"taxonomy":"product_tag","embeddable":true,"href":"https:\/\/digital4d.net\/masterspray\/wp-json\/wp\/v2\/product_tag?post=6309"}],"curies":[{"name":"wp","href":"https:\/\/api.w.org\/{rel}","templated":true}]}}