{"id":6311,"date":"2019-01-29T15:43:13","date_gmt":"2019-01-29T14:43:13","guid":{"rendered":"https:\/\/digital4d.net\/masterspray\/prodotto\/pc-30\/"},"modified":"2019-01-29T15:43:13","modified_gmt":"2019-01-29T14:43:13","slug":"pc-30","status":"publish","type":"product","link":"https:\/\/digital4d.net\/masterspray\/prodotto\/pc-30\/?lang=es","title":{"rendered":"PC 30"},"content":{"rendered":"<p>Es un equipo perist\u00e1ltico dise\u00f1ado para pulverizar productos tanto l\u00edquidos como en polvo. Adem\u00e1s de los productos habitualmente utilizados en la construcci\u00f3n, es posible proyectar colores, estucos, capas de acabado, revoques y productos impermeabilizantes, incluidos los de base fibrosa, con granulometr\u00edas de hasta 3 mm.<\/p>\n<h3>Aplicaciones<\/h3>\n<p>Resinas artificiales con granulometr\u00eda hasta 3 mm, Silicatos con granulometr\u00eda. hasta 3 mm, resinas de silicato, aislantes t\u00e9rmicos, pastas aislantes, revestimientos cementosos porosos, estucos, resinas artificiales, masillas, imprimaciones, pinturas de relleno, incluidas pinturas con fibras, pinturas al cuarzo, revestimientos decorativos, revestimientos bituminosos, ign\u00edfugos, insonorizantes<\/p>\n<h3>Campos de aplicaci\u00f3n<\/h3>\n<p>Revoques Interiores y Exteriores \u2022 Reformas \u2022 Impermeabilizaciones<\/p><\/p>\n","protected":false},"excerpt":{"rendered":"<p>Es un equipo perist\u00e1ltico dise\u00f1ado para aplicar productos l\u00edquidos y en polvo densos, con tama\u00f1os de grano de hasta 3 mm.<\/p>\n","protected":false},"featured_media":6306,"template":"","meta":[],"product_brand":[],"product_cat":[470],"product_tag":[480],"class_list":{"0":"post-6311","1":"product","2":"type-product","3":"status-publish","4":"has-post-thumbnail","6":"product_cat-bomba-peristaltica","7":"product_tag-construccion","9":"first","10":"instock","11":"shipping-taxable","12":"product-type-simple"},"_links":{"self":[{"href":"https:\/\/digital4d.net\/masterspray\/wp-json\/wp\/v2\/product\/6311","targetHints":{"allow":["GET"]}}],"collection":[{"href":"https:\/\/digital4d.net\/masterspray\/wp-json\/wp\/v2\/product"}],"about":[{"href":"https:\/\/digital4d.net\/masterspray\/wp-json\/wp\/v2\/types\/product"}],"wp:featuredmedia":[{"embeddable":true,"href":"https:\/\/digital4d.net\/masterspray\/wp-json\/wp\/v2\/media\/6306"}],"wp:attachment":[{"href":"https:\/\/digital4d.net\/masterspray\/wp-json\/wp\/v2\/media?parent=6311"}],"wp:term":[{"taxonomy":"product_brand","embeddable":true,"href":"https:\/\/digital4d.net\/masterspray\/wp-json\/wp\/v2\/product_brand?post=6311"},{"taxonomy":"product_cat","embeddable":true,"href":"https:\/\/digital4d.net\/masterspray\/wp-json\/wp\/v2\/product_cat?post=6311"},{"taxonomy":"product_tag","embeddable":true,"href":"https:\/\/digital4d.net\/masterspray\/wp-json\/wp\/v2\/product_tag?post=6311"}],"curies":[{"name":"wp","href":"https:\/\/api.w.org\/{rel}","templated":true}]}}