{"id":6322,"date":"2025-02-11T14:58:02","date_gmt":"2025-02-11T13:58:09","guid":{"rendered":"https:\/\/digital4d.net\/masterspray\/?post_type=product&#038;p=6322"},"modified":"2025-02-11T16:00:00","modified_gmt":"2025-02-11T15:00:00","slug":"gt-4-0-copia","status":"publish","type":"product","link":"https:\/\/digital4d.net\/masterspray\/prodotto\/gt-4-0-copia\/?lang=es","title":{"rendered":"EP19"},"content":{"rendered":"<p><strong>EP19<\/strong> es un equipo de pintura airless de pist\u00f3n dise\u00f1ado para satisfacer las necesidades de peque\u00f1as industrias y artesanos. Gracias a su compacidad y ligereza, es ideal para trabajos peque\u00f1os y medianos en construcci\u00f3n, acabados de paredes y mantenimiento.<\/p>\n<p><strong>El EP19 opera con una presi\u00f3n m\u00e1xima de 200 bar<\/strong> y un <strong>caudal de hasta 1,5 litros por minuto<\/strong>, lo que lo hace adecuado para una amplia gama de materiales.<br \/>\n<strong>Configuraci\u00f3n est\u00e1ndar del equipo:<\/strong><\/p>\n<ul>\n<li>Manguera HP \u00d8 3\/16&#8243; &#8211; 7,5 m &#8211; 1\/4&#8243; NPS<\/li>\n<li>Dep\u00f3sito por gravedad de 5 litros (solo versi\u00f3n HOP)<\/li>\n<li>Pistola airless de 250 bar &#8211; bola de 3 mm<\/li>\n<li>Boquilla autolimpiante 517 con base de boquilla<\/li>\n<\/ul>\n<p><strong>Aplicaciones<\/strong><\/p>\n<p>Acr\u00edlico, antioxidantes, emulsiones, fijadores, imprimaciones, pinturas al agua, impregnantes, lacas, primers, esmaltes, barnices, elast\u00f3meros, impermeabilizantes, encapsulantes y m\u00e1s.<br \/>\n<strong>Campos de aplicaci\u00f3n<\/strong><\/p>\n","protected":false},"excerpt":{"rendered":"<p>\u2022 Pintura interior y exterior \u2022 Enlucidos \u2022 Reformas \u2022 Acabados de paredes \u2022 Pintura de muebles y carpinter\u00eda \u2022 Mantenimiento de edificios \u2022 y m\u00e1s&#8230;<\/p>\n","protected":false},"featured_media":6182,"template":"","meta":[],"product_brand":[],"product_cat":[587],"product_tag":[480,481],"class_list":{"0":"post-6322","1":"product","2":"type-product","3":"status-publish","4":"has-post-thumbnail","6":"product_cat-bombas-electricas-de-piston","7":"product_tag-construccion","8":"product_tag-iniezione-es","10":"first","11":"instock","12":"shipping-taxable","13":"product-type-simple"},"_links":{"self":[{"href":"https:\/\/digital4d.net\/masterspray\/wp-json\/wp\/v2\/product\/6322","targetHints":{"allow":["GET"]}}],"collection":[{"href":"https:\/\/digital4d.net\/masterspray\/wp-json\/wp\/v2\/product"}],"about":[{"href":"https:\/\/digital4d.net\/masterspray\/wp-json\/wp\/v2\/types\/product"}],"wp:featuredmedia":[{"embeddable":true,"href":"https:\/\/digital4d.net\/masterspray\/wp-json\/wp\/v2\/media\/6182"}],"wp:attachment":[{"href":"https:\/\/digital4d.net\/masterspray\/wp-json\/wp\/v2\/media?parent=6322"}],"wp:term":[{"taxonomy":"product_brand","embeddable":true,"href":"https:\/\/digital4d.net\/masterspray\/wp-json\/wp\/v2\/product_brand?post=6322"},{"taxonomy":"product_cat","embeddable":true,"href":"https:\/\/digital4d.net\/masterspray\/wp-json\/wp\/v2\/product_cat?post=6322"},{"taxonomy":"product_tag","embeddable":true,"href":"https:\/\/digital4d.net\/masterspray\/wp-json\/wp\/v2\/product_tag?post=6322"}],"curies":[{"name":"wp","href":"https:\/\/api.w.org\/{rel}","templated":true}]}}