{"id":6327,"date":"2025-02-11T16:03:08","date_gmt":"2025-02-11T15:03:08","guid":{"rendered":"https:\/\/digital4d.net\/masterspray\/?post_type=product&#038;p=6327"},"modified":"2025-02-11T16:43:50","modified_gmt":"2025-02-11T15:43:50","slug":"ep19-copia","status":"publish","type":"product","link":"https:\/\/digital4d.net\/masterspray\/prodotto\/ep19-copia\/?lang=de","title":{"rendered":"EP21"},"content":{"rendered":"<h2>EP21 \u2013 Elektrische Airless-Kolbenpumpe<\/h2>\n<p>Die <strong>EP21<\/strong> ist eine <strong>elektrische Airless-Kolbenpumpe<\/strong>, die f\u00fcr kleine bis mittelgro\u00dfe Spritzlackierarbeiten entwickelt wurde. Dank ihrer kompakten und robusten Bauweise (<strong>15 kg<\/strong>) ist sie leicht zu transportieren und bietet eine hervorragende Handhabung. Ideal f\u00fcr Anwendungen, die Pr\u00e4zision und Gleichm\u00e4\u00dfigkeit erfordern, sorgt sie f\u00fcr eine gleichm\u00e4\u00dfige Abdeckung bei minimalem Materialverbrauch.<\/p>\n<p>Die <strong>EP21<\/strong> arbeitet mit einem <strong>maximalen Druck von 200 bar<\/strong> und einer F\u00f6rdermenge von bis zu <strong>2,0 Litern pro Minute<\/strong>, wodurch sie f\u00fcr eine Vielzahl von Materialien geeignet ist.<\/p>\n<h3>Standardausstattung:<\/h3>\n<ul>\n<li>Hochdruckschlauch \u00d8 1\/4&#8243; &#8211; 15 m &#8211; 1\/4&#8243; NPS<\/li>\n<li>Airless-Pistole 250 bar &#8211; 3 mm Kugel<\/li>\n<li>D\u00fcsen 311 und 517 mit D\u00fcsenhalter<\/li>\n<\/ul>\n<h3>Anwendungen<\/h3>\n<p>Acryl, Rostschutzmittel, Emulsionen, Fixierer, Grundierungen, wasserbasierte Farben, Impr\u00e4gniermittel, Lacke, Primer, Emaille, Farben, Elastomere, Abdichtungsmittel, Einkapselungsmittel und mehr.<\/p>\n<h3>Einsatzbereiche<\/h3>\n<p>Innen- und Au\u00dfenanstriche \u2022 Putzarbeiten \u2022 Renovierungen \u2022 Wandveredelungen \u2022 Lackierung von M\u00f6beln und Tischlereiprodukten \u2022 Bauinstandhaltung \u2022 und mehr&#8230;<\/p>\n","protected":false},"excerpt":{"rendered":"<p><strong>EP21<\/strong> ist eine <strong>elektrische Airless-Kolbenpumpe<\/strong>, die f\u00fcr kleine bis mittelgro\u00dfe Spritzlackierarbeiten entwickelt wurde. Dank ihrer kompakten und robusten Bauweise ist sie leicht zu transportieren und bietet eine hervorragende Handhabung. Ideal f\u00fcr Anwendungen, die Pr\u00e4zision und Gleichm\u00e4\u00dfigkeit erfordern, sorgt sie f\u00fcr eine gleichm\u00e4\u00dfige Abdeckung bei minimalem Materialverbrauch.<\/p>\n","protected":false},"featured_media":6216,"template":"","meta":[],"product_brand":[],"product_cat":[585],"product_tag":[478,485],"class_list":{"0":"post-6327","1":"product","2":"type-product","3":"status-publish","4":"has-post-thumbnail","6":"product_cat-elektrische-kolbenpumpen","7":"product_tag-aufbau","8":"product_tag-iniezione-de","10":"first","11":"instock","12":"shipping-taxable","13":"product-type-simple"},"_links":{"self":[{"href":"https:\/\/digital4d.net\/masterspray\/wp-json\/wp\/v2\/product\/6327","targetHints":{"allow":["GET"]}}],"collection":[{"href":"https:\/\/digital4d.net\/masterspray\/wp-json\/wp\/v2\/product"}],"about":[{"href":"https:\/\/digital4d.net\/masterspray\/wp-json\/wp\/v2\/types\/product"}],"wp:featuredmedia":[{"embeddable":true,"href":"https:\/\/digital4d.net\/masterspray\/wp-json\/wp\/v2\/media\/6216"}],"wp:attachment":[{"href":"https:\/\/digital4d.net\/masterspray\/wp-json\/wp\/v2\/media?parent=6327"}],"wp:term":[{"taxonomy":"product_brand","embeddable":true,"href":"https:\/\/digital4d.net\/masterspray\/wp-json\/wp\/v2\/product_brand?post=6327"},{"taxonomy":"product_cat","embeddable":true,"href":"https:\/\/digital4d.net\/masterspray\/wp-json\/wp\/v2\/product_cat?post=6327"},{"taxonomy":"product_tag","embeddable":true,"href":"https:\/\/digital4d.net\/masterspray\/wp-json\/wp\/v2\/product_tag?post=6327"}],"curies":[{"name":"wp","href":"https:\/\/api.w.org\/{rel}","templated":true}]}}