{"id":6330,"date":"2025-02-11T16:03:08","date_gmt":"2025-02-11T15:03:09","guid":{"rendered":"https:\/\/digital4d.net\/masterspray\/?post_type=product&#038;p=6330"},"modified":"2025-02-11T16:41:33","modified_gmt":"2025-02-11T15:41:33","slug":"ep19-copia","status":"publish","type":"product","link":"https:\/\/digital4d.net\/masterspray\/prodotto\/ep19-copia\/?lang=fr","title":{"rendered":"EP21"},"content":{"rendered":"<h2>EP21 \u2013 Pompe Airless \u00c9lectrique \u00e0 Piston<\/h2>\n<p>La <strong>EP21<\/strong> est une <strong>pompe airless \u00e9lectrique \u00e0 piston<\/strong>, con\u00e7ue pour les petits et moyens travaux de peinture par pulv\u00e9risation. Gr\u00e2ce \u00e0 sa structure compacte et robuste (<strong>15 kg<\/strong>), elle est facile \u00e0 transporter et offre une excellente maniabilit\u00e9. Id\u00e9ale pour les applications n\u00e9cessitant pr\u00e9cision et uniformit\u00e9, elle assure une couverture homog\u00e8ne avec une consommation minimale de mat\u00e9riau.<\/p>\n<p>La <strong>EP21<\/strong> fonctionne avec une <strong>pression maximale de 200 bar<\/strong> et un d\u00e9bit allant jusqu&#8217;\u00e0 <strong>2,0 litres par minute<\/strong>, la rendant adapt\u00e9e \u00e0 une large gamme de mat\u00e9riaux.<\/p>\n<h3>Configuration standard de l\u2019\u00e9quipement :<\/h3>\n<ul>\n<li>Tuyau HP \u00d8 1\/4&#8243; &#8211; 15 m &#8211; 1\/4&#8243; NPS<\/li>\n<li>Pistolet airless 250 bar &#8211; bille 3 mm<\/li>\n<li>Buses 311 et 517 avec base de buse<\/li>\n<\/ul>\n<h3>Applications<\/h3>\n<p>Acrylique, antirouille, \u00e9mulsions, fixateurs, appr\u00eats, peintures \u00e0 base d\u2019eau, lasures, laques, primers, \u00e9maux, vernis, \u00e9lastom\u00e8res, imperm\u00e9abilisants, encapsulants et plus encore.<\/p>\n<h3>Champs d\u2019application<\/h3>\n<p>Peinture int\u00e9rieure et ext\u00e9rieure \u2022 Enduits \u2022 R\u00e9novations \u2022 Finitions murales \u2022 Peinture de meubles et menuiseries \u2022 Entretien des b\u00e2timents \u2022 Et plus encore&#8230;<\/p>\n","protected":false},"excerpt":{"rendered":"<p><strong>EP21<\/strong> est une <strong>pompe airless \u00e9lectrique \u00e0 piston<\/strong>, con\u00e7ue pour les petits et moyens travaux de peinture par pulv\u00e9risation. Gr\u00e2ce \u00e0 sa structure compacte et robuste, elle est facile \u00e0 transporter et offre une excellente maniabilit\u00e9. Id\u00e9ale pour les applications n\u00e9cessitant pr\u00e9cision et uniformit\u00e9, elle garantit une couverture homog\u00e8ne avec une faible consommation de mat\u00e9riau.<\/p>\n","protected":false},"featured_media":6215,"template":"","meta":[],"product_brand":[],"product_cat":[584],"product_tag":[483,484],"class_list":{"0":"post-6330","1":"product","2":"type-product","3":"status-publish","4":"has-post-thumbnail","6":"product_cat-pompes-a-piston-electriques","7":"product_tag-batiment","8":"product_tag-iniezione-fr","10":"first","11":"instock","12":"shipping-taxable","13":"product-type-simple"},"_links":{"self":[{"href":"https:\/\/digital4d.net\/masterspray\/wp-json\/wp\/v2\/product\/6330","targetHints":{"allow":["GET"]}}],"collection":[{"href":"https:\/\/digital4d.net\/masterspray\/wp-json\/wp\/v2\/product"}],"about":[{"href":"https:\/\/digital4d.net\/masterspray\/wp-json\/wp\/v2\/types\/product"}],"wp:featuredmedia":[{"embeddable":true,"href":"https:\/\/digital4d.net\/masterspray\/wp-json\/wp\/v2\/media\/6215"}],"wp:attachment":[{"href":"https:\/\/digital4d.net\/masterspray\/wp-json\/wp\/v2\/media?parent=6330"}],"wp:term":[{"taxonomy":"product_brand","embeddable":true,"href":"https:\/\/digital4d.net\/masterspray\/wp-json\/wp\/v2\/product_brand?post=6330"},{"taxonomy":"product_cat","embeddable":true,"href":"https:\/\/digital4d.net\/masterspray\/wp-json\/wp\/v2\/product_cat?post=6330"},{"taxonomy":"product_tag","embeddable":true,"href":"https:\/\/digital4d.net\/masterspray\/wp-json\/wp\/v2\/product_tag?post=6330"}],"curies":[{"name":"wp","href":"https:\/\/api.w.org\/{rel}","templated":true}]}}