{"id":6333,"date":"2025-02-11T16:48:36","date_gmt":"2025-02-11T15:48:37","guid":{"rendered":"https:\/\/digital4d.net\/masterspray\/?post_type=product&#038;p=6333"},"modified":"2025-02-11T17:03:05","modified_gmt":"2025-02-11T16:03:05","slug":"ep21-copia","status":"publish","type":"product","link":"https:\/\/digital4d.net\/masterspray\/prodotto\/ep21-copia\/?lang=de","title":{"rendered":"EP29"},"content":{"rendered":"<h2>EP29 \u2013 Elektrische Airless-Kolbenpumpe<\/h2>\n<p>Die <strong>EP29<\/strong> ist eine <strong>elektrische Airless-Kolbenpumpe<\/strong>, die f\u00fcr mittelgro\u00dfe und gro\u00dfe Spritzlackierarbeiten konzipiert wurde. Dank ihrer robusten Bauweise (<strong>32 kg<\/strong>) bietet sie eine leistungsstarke und gleichm\u00e4\u00dfige Spr\u00fchapplikation, gew\u00e4hrleistet hohe Effizienz und eine ausgezeichnete Abdeckung bei geringem Materialverbrauch.<\/p>\n<p>Die <strong>EP29<\/strong> arbeitet mit einem <strong>maximalen Druck von 210 bar<\/strong> und einer F\u00f6rderleistung von bis zu <strong>3,2 Litern pro Minute<\/strong>, was sie ideal f\u00fcr die Anwendung hochviskoser Materialien und die Beschichtung gro\u00dfer Fl\u00e4chen macht.<\/p>\n<h3>Standard-Ausr\u00fcstung:<\/h3>\n<ul>\n<li>HP-Schlauch \u00d8 1\/4&#8243; &#8211; 15 m &#8211; 1\/4&#8243; NPS<\/li>\n<li>Airless-Pistole 500 bar &#8211; 3 mm Kugel<\/li>\n<li>D\u00fcse 517 mit D\u00fcsenhalter<\/li>\n<\/ul>\n<h3>Anwendungen<\/h3>\n<p>Acryl, Rostschutz, Emulsionen, Grundierungen, Fixierer, wasserbasierte Farben, Holzschutzmittel, Lacke, Primer, Emaille, Beschichtungen, Elastomere, Abdichtungsmittel, Verkapselungsmaterialien und mehr.<\/p>\n<h3>Einsatzbereiche<\/h3>\n<p>Innen- und Au\u00dfenanstriche \u2022 Verputzarbeiten \u2022 Renovierungen \u2022 Wandveredelungen \u2022 Industrielle Oberfl\u00e4chenbeschichtung \u2022 Bauinstandhaltung \u2022 usw.<\/p>\n","protected":false},"excerpt":{"rendered":"<p>Die <strong>EP29<\/strong> ist eine <strong>elektrische Airless-Kolbenpumpe<\/strong>, die f\u00fcr mittelgro\u00dfe und gro\u00dfe Spritzlackierarbeiten konzipiert wurde. Dank ihrer robusten Bauweise bietet sie eine leistungsstarke und gleichm\u00e4\u00dfige Spr\u00fchapplikation, gew\u00e4hrleistet hohe Effizienz und eine ausgezeichnete Abdeckung bei geringem Materialverbrauch.<\/p>\n","protected":false},"featured_media":6228,"template":"","meta":[],"product_brand":[],"product_cat":[585],"product_tag":[478,485],"class_list":{"0":"post-6333","1":"product","2":"type-product","3":"status-publish","4":"has-post-thumbnail","6":"product_cat-elektrische-kolbenpumpen","7":"product_tag-aufbau","8":"product_tag-iniezione-de","10":"first","11":"instock","12":"shipping-taxable","13":"product-type-simple"},"_links":{"self":[{"href":"https:\/\/digital4d.net\/masterspray\/wp-json\/wp\/v2\/product\/6333","targetHints":{"allow":["GET"]}}],"collection":[{"href":"https:\/\/digital4d.net\/masterspray\/wp-json\/wp\/v2\/product"}],"about":[{"href":"https:\/\/digital4d.net\/masterspray\/wp-json\/wp\/v2\/types\/product"}],"wp:featuredmedia":[{"embeddable":true,"href":"https:\/\/digital4d.net\/masterspray\/wp-json\/wp\/v2\/media\/6228"}],"wp:attachment":[{"href":"https:\/\/digital4d.net\/masterspray\/wp-json\/wp\/v2\/media?parent=6333"}],"wp:term":[{"taxonomy":"product_brand","embeddable":true,"href":"https:\/\/digital4d.net\/masterspray\/wp-json\/wp\/v2\/product_brand?post=6333"},{"taxonomy":"product_cat","embeddable":true,"href":"https:\/\/digital4d.net\/masterspray\/wp-json\/wp\/v2\/product_cat?post=6333"},{"taxonomy":"product_tag","embeddable":true,"href":"https:\/\/digital4d.net\/masterspray\/wp-json\/wp\/v2\/product_tag?post=6333"}],"curies":[{"name":"wp","href":"https:\/\/api.w.org\/{rel}","templated":true}]}}