{"id":6339,"date":"2025-02-11T17:08:55","date_gmt":"2025-02-11T16:08:56","guid":{"rendered":"https:\/\/digital4d.net\/masterspray\/?post_type=product&#038;p=6339"},"modified":"2025-02-11T17:27:03","modified_gmt":"2025-02-11T16:27:03","slug":"ep29-copia","status":"publish","type":"product","link":"https:\/\/digital4d.net\/masterspray\/prodotto\/ep29-copia\/?lang=de","title":{"rendered":"EP37"},"content":{"rendered":"<h2>EP37 \u2013 Elektrische Airless-Kolbenpumpe<\/h2>\n<p>Die <strong>EP37<\/strong> ist eine <strong>elektrische Airless-Kolbenpumpe<\/strong>, die f\u00fcr mittelgro\u00dfe und gro\u00dfe Spritzlackierarbeiten entwickelt wurde. Dank ihrer robusten Bauweise (<strong>57 kg<\/strong>) gew\u00e4hrleistet sie hohe Leistung, Effizienz und eine gleichm\u00e4\u00dfige Abdeckung auf gro\u00dfen Fl\u00e4chen.<\/p>\n<p>Die <strong>EP37<\/strong> arbeitet mit einem <strong>maximalen Druck von 210 bar<\/strong> und einer F\u00f6rderleistung von bis zu <strong>5,0 Litern pro Minute<\/strong>, was sie ideal f\u00fcr die Anwendung hochviskoser Materialien und die Lackierung gro\u00dfer Industriefl\u00e4chen macht.<\/p>\n<h3>Standardausstattung:<\/h3>\n<ul>\n<li>HP-Schlauch \u00d8 3\/8\u201d &#8211; 15 m &#8211; 3\/8\u201d NPS<\/li>\n<li>Airless-Pistole 500 bar &#8211; 5 mm Kugel<\/li>\n<li>D\u00fcsen 517 und 535 mit D\u00fcsenhalter<\/li>\n<\/ul>\n<h3>Anwendungen<\/h3>\n<p>Acryl, Rostschutz, Emulsionen, Grundierungen, Fixierer, wasserbasierte Farben, Holzschutzmittel, Lacke, Emaille, Beschichtungen, Elastomere, Abdichtungsmittel, Verkapselungsmaterialien und mehr.<\/p>\n<h3>Anwendungsbereiche<\/h3>\n<p>Innen- und Au\u00dfenanstriche \u2022 Verputzarbeiten \u2022 Renovierungen \u2022 Wandveredelungen \u2022 Industrielle Oberfl\u00e4chenlackierung \u2022 Bauinstandhaltung \u2022 Lackierung von Metallstrukturen und Lagerhallen \u2022 usw.<\/p>\n","protected":false},"excerpt":{"rendered":"<p>Die <strong>EP37<\/strong> ist eine <strong>elektrische Airless-Kolbenpumpe<\/strong>, die f\u00fcr mittelgro\u00dfe und gro\u00dfe Spritzlackierarbeiten entwickelt wurde. Dank ihrer robusten Bauweise gew\u00e4hrleistet sie hohe Leistung, Effizienz und eine gleichm\u00e4\u00dfige Abdeckung auf gro\u00dfen Fl\u00e4chen.<\/p>\n","protected":false},"featured_media":6240,"template":"","meta":[],"product_brand":[],"product_cat":[585],"product_tag":[478,485],"class_list":{"0":"post-6339","1":"product","2":"type-product","3":"status-publish","4":"has-post-thumbnail","6":"product_cat-elektrische-kolbenpumpen","7":"product_tag-aufbau","8":"product_tag-iniezione-de","10":"first","11":"instock","12":"shipping-taxable","13":"product-type-simple"},"_links":{"self":[{"href":"https:\/\/digital4d.net\/masterspray\/wp-json\/wp\/v2\/product\/6339","targetHints":{"allow":["GET"]}}],"collection":[{"href":"https:\/\/digital4d.net\/masterspray\/wp-json\/wp\/v2\/product"}],"about":[{"href":"https:\/\/digital4d.net\/masterspray\/wp-json\/wp\/v2\/types\/product"}],"wp:featuredmedia":[{"embeddable":true,"href":"https:\/\/digital4d.net\/masterspray\/wp-json\/wp\/v2\/media\/6240"}],"wp:attachment":[{"href":"https:\/\/digital4d.net\/masterspray\/wp-json\/wp\/v2\/media?parent=6339"}],"wp:term":[{"taxonomy":"product_brand","embeddable":true,"href":"https:\/\/digital4d.net\/masterspray\/wp-json\/wp\/v2\/product_brand?post=6339"},{"taxonomy":"product_cat","embeddable":true,"href":"https:\/\/digital4d.net\/masterspray\/wp-json\/wp\/v2\/product_cat?post=6339"},{"taxonomy":"product_tag","embeddable":true,"href":"https:\/\/digital4d.net\/masterspray\/wp-json\/wp\/v2\/product_tag?post=6339"}],"curies":[{"name":"wp","href":"https:\/\/api.w.org\/{rel}","templated":true}]}}