{"id":6342,"date":"2025-02-11T17:08:55","date_gmt":"2025-02-11T16:08:57","guid":{"rendered":"https:\/\/digital4d.net\/masterspray\/?post_type=product&#038;p=6342"},"modified":"2025-02-11T17:24:46","modified_gmt":"2025-02-11T16:24:46","slug":"ep29-copia","status":"publish","type":"product","link":"https:\/\/digital4d.net\/masterspray\/prodotto\/ep29-copia\/?lang=fr","title":{"rendered":"EP37"},"content":{"rendered":"<h2>EP37 \u2013 Pompe Airless \u00c9lectrique \u00e0 Piston<\/h2>\n<p>La <strong>EP37<\/strong> est une <strong>pompe airless \u00e9lectrique \u00e0 piston<\/strong>, con\u00e7ue pour les travaux de peinture au pistolet de moyenne et grande envergure. Gr\u00e2ce \u00e0 sa structure robuste (<strong>57 kg<\/strong>), elle garantit des performances \u00e9lev\u00e9es, une grande efficacit\u00e9 et une couverture uniforme sur de vastes surfaces.<\/p>\n<p>La <strong>EP37<\/strong> fonctionne avec une <strong>pression maximale de 210 bar<\/strong> et un d\u00e9bit allant jusqu&#8217;\u00e0 <strong>5,0 litres par minute<\/strong>, ce qui la rend id\u00e9ale pour l\u2019application de mat\u00e9riaux \u00e0 haute viscosit\u00e9 et pour la peinture de grandes surfaces industrielles.<\/p>\n<h3>Configuration standard de l&#8217;\u00e9quipement :<\/h3>\n<ul>\n<li>Tuyau HP \u00d8 3\/8\u201d &#8211; 15 m &#8211; 3\/8\u201d NPS<\/li>\n<li>Pistolet Airless 500 bar &#8211; bille 5 mm<\/li>\n<li>Buses 517 et 535 avec base de buse<\/li>\n<\/ul>\n<h3>Applications<\/h3>\n<p>Acrylique, antirouille, \u00e9mulsions, fixateurs, sous-couches, peintures \u00e0 l&#8217;eau, lasures, laques, appr\u00eats, \u00e9maux, vernis, \u00e9lastom\u00e8res, imperm\u00e9abilisants, encapsulants et plus encore.<\/p>\n<h3>Domaines d&#8217;application<\/h3>\n<p>Peinture int\u00e9rieure et ext\u00e9rieure \u2022 Enduits \u2022 R\u00e9novations \u2022 Finitions murales \u2022 Peinture de surfaces industrielles \u2022 Entretien des b\u00e2timents \u2022 Peinture de structures m\u00e9talliques et d\u2019entrep\u00f4ts \u2022 etc.<\/p>\n","protected":false},"excerpt":{"rendered":"<p>La <strong>EP37<\/strong> est une <strong>pompe airless \u00e9lectrique \u00e0 piston<\/strong>, con\u00e7ue pour les travaux de peinture par pulv\u00e9risation de moyenne et grande envergure. Gr\u00e2ce \u00e0 sa structure robuste, elle garantit des performances \u00e9lev\u00e9es, une grande efficacit\u00e9 et une couverture uniforme sur de vastes surfaces.<\/p>\n","protected":false},"featured_media":6239,"template":"","meta":[],"product_brand":[],"product_cat":[584],"product_tag":[483,484],"class_list":{"0":"post-6342","1":"product","2":"type-product","3":"status-publish","4":"has-post-thumbnail","6":"product_cat-pompes-a-piston-electriques","7":"product_tag-batiment","8":"product_tag-iniezione-fr","10":"first","11":"instock","12":"shipping-taxable","13":"product-type-simple"},"_links":{"self":[{"href":"https:\/\/digital4d.net\/masterspray\/wp-json\/wp\/v2\/product\/6342","targetHints":{"allow":["GET"]}}],"collection":[{"href":"https:\/\/digital4d.net\/masterspray\/wp-json\/wp\/v2\/product"}],"about":[{"href":"https:\/\/digital4d.net\/masterspray\/wp-json\/wp\/v2\/types\/product"}],"wp:featuredmedia":[{"embeddable":true,"href":"https:\/\/digital4d.net\/masterspray\/wp-json\/wp\/v2\/media\/6239"}],"wp:attachment":[{"href":"https:\/\/digital4d.net\/masterspray\/wp-json\/wp\/v2\/media?parent=6342"}],"wp:term":[{"taxonomy":"product_brand","embeddable":true,"href":"https:\/\/digital4d.net\/masterspray\/wp-json\/wp\/v2\/product_brand?post=6342"},{"taxonomy":"product_cat","embeddable":true,"href":"https:\/\/digital4d.net\/masterspray\/wp-json\/wp\/v2\/product_cat?post=6342"},{"taxonomy":"product_tag","embeddable":true,"href":"https:\/\/digital4d.net\/masterspray\/wp-json\/wp\/v2\/product_tag?post=6342"}],"curies":[{"name":"wp","href":"https:\/\/api.w.org\/{rel}","templated":true}]}}