{"id":6345,"date":"2025-02-12T09:22:02","date_gmt":"2025-02-12T08:22:02","guid":{"rendered":"https:\/\/digital4d.net\/masterspray\/?post_type=product&#038;p=6345"},"modified":"2025-02-12T09:33:56","modified_gmt":"2025-02-12T08:33:56","slug":"ep37-copia","status":"publish","type":"product","link":"https:\/\/digital4d.net\/masterspray\/prodotto\/ep37-copia\/?lang=de","title":{"rendered":"EP45"},"content":{"rendered":"<h2>EP45 \u2013 Elektrische Airless-Kolbenpumpe<\/h2>\n<p>Die <strong>EP45<\/strong> ist eine <strong>elektrische Airless-Kolbenpumpe<\/strong>, die f\u00fcr gro\u00df angelegte Spritzlackierarbeiten entwickelt wurde. Dank ihrer hohen Leistung und ihrer robusten Struktur (<strong>62 kg<\/strong>) bietet sie hervorragende Leistungen f\u00fcr industrielle und bautechnische Anwendungen.<\/p>\n<p>Die <strong>EP45<\/strong> arbeitet mit einem <strong>maximalen Druck von 230 bar<\/strong> und einer F\u00f6rdermenge von bis zu <strong>8,0 Litern pro Minute<\/strong>. Dadurch ist sie ideal f\u00fcr das Auftragen hochviskoser Materialien und das schnelle sowie effiziente Beschichten gro\u00dfer Fl\u00e4chen.<\/p>\n<h3>Standard-Ausr\u00fcstung:<\/h3>\n<ul>\n<li>HP-Schlauch 2 x \u00d8 1\/2&#8243; &#8211; 15 m &#8211; 1\/2&#8243; NPS<\/li>\n<li>Schlauchst\u00fcck 3\/8&#8243; &#8211; 3,5 m<\/li>\n<li>Airless-Pistole 250 bar &#8211; 5 mm Kugel<\/li>\n<li>D\u00fcsen 531 und 541 mit D\u00fcsenhalter<\/li>\n<li>Zubeh\u00f6r: Tip-Clean und Reinigungsb\u00fcrsten<\/li>\n<\/ul>\n<h3>Anwendungen<\/h3>\n<p>Acrylfarben, Rostschutzmittel, Emulsionen, Fixierer, Grundierungen, Dispersionsfarben, Beizen, Lacke, Primer, Emaillefarben, Lacke, Elastomere, Abdichtungen, Verkapselungen, Spachtelmassen und mehr.<\/p>\n<h3>Anwendungsbereiche<\/h3>\n<p>Innen- und Au\u00dfenanstriche \u2022 Verputzarbeiten \u2022 Renovierungen \u2022 Lackierung von Industriehallen \u2022 Metallkonstruktionen \u2022 Schutzbeschichtungen \u2022 Bauinstandhaltung \u2022 usw.<\/p>\n","protected":false},"excerpt":{"rendered":"<p>Die <strong>EP45<\/strong> ist eine <strong>elektrische Airless-Kolbenpumpe<\/strong>, die f\u00fcr gro\u00df angelegte Spritzlackierarbeiten entwickelt wurde. Dank ihrer hohen Leistung und ihrer robusten Struktur bietet sie hervorragende Leistungen f\u00fcr industrielle und bautechnische Anwendungen.<\/p>\n","protected":false},"featured_media":6252,"template":"","meta":[],"product_brand":[],"product_cat":[585],"product_tag":[478],"class_list":{"0":"post-6345","1":"product","2":"type-product","3":"status-publish","4":"has-post-thumbnail","6":"product_cat-elektrische-kolbenpumpen","7":"product_tag-aufbau","9":"first","10":"instock","11":"shipping-taxable","12":"purchasable","13":"product-type-simple"},"_links":{"self":[{"href":"https:\/\/digital4d.net\/masterspray\/wp-json\/wp\/v2\/product\/6345","targetHints":{"allow":["GET"]}}],"collection":[{"href":"https:\/\/digital4d.net\/masterspray\/wp-json\/wp\/v2\/product"}],"about":[{"href":"https:\/\/digital4d.net\/masterspray\/wp-json\/wp\/v2\/types\/product"}],"wp:featuredmedia":[{"embeddable":true,"href":"https:\/\/digital4d.net\/masterspray\/wp-json\/wp\/v2\/media\/6252"}],"wp:attachment":[{"href":"https:\/\/digital4d.net\/masterspray\/wp-json\/wp\/v2\/media?parent=6345"}],"wp:term":[{"taxonomy":"product_brand","embeddable":true,"href":"https:\/\/digital4d.net\/masterspray\/wp-json\/wp\/v2\/product_brand?post=6345"},{"taxonomy":"product_cat","embeddable":true,"href":"https:\/\/digital4d.net\/masterspray\/wp-json\/wp\/v2\/product_cat?post=6345"},{"taxonomy":"product_tag","embeddable":true,"href":"https:\/\/digital4d.net\/masterspray\/wp-json\/wp\/v2\/product_tag?post=6345"}],"curies":[{"name":"wp","href":"https:\/\/api.w.org\/{rel}","templated":true}]}}