{"id":6347,"date":"2025-02-12T09:22:02","date_gmt":"2025-02-12T08:22:02","guid":{"rendered":"https:\/\/digital4d.net\/masterspray\/?post_type=product&#038;p=6347"},"modified":"2025-02-12T09:40:11","modified_gmt":"2025-02-12T08:40:11","slug":"ep37-copia","status":"publish","type":"product","link":"https:\/\/digital4d.net\/masterspray\/prodotto\/ep37-copia\/?lang=es","title":{"rendered":"EP45"},"content":{"rendered":"<h2>EP45 \u2013 Bomba Airless El\u00e9ctrica de Pist\u00f3n<\/h2>\n<p>La <strong>EP45<\/strong> es una <strong>bomba airless el\u00e9ctrica de pist\u00f3n<\/strong>, dise\u00f1ada para trabajos de gran envergadura en el sector de la pintura por pulverizaci\u00f3n. Gracias a su alta potencia y estructura robusta (<strong>62 kg<\/strong>), ofrece un rendimiento excelente para aplicaciones industriales y de construcci\u00f3n.<\/p>\n<p>La <strong>EP45<\/strong> opera con una <strong>presi\u00f3n m\u00e1xima de 230 bar<\/strong> y un caudal de hasta <strong>8,0 litros por minuto<\/strong>, lo que la hace ideal para la aplicaci\u00f3n de materiales de alta viscosidad y la cobertura r\u00e1pida y eficiente de grandes superficies.<\/p>\n<h3>Configuraci\u00f3n est\u00e1ndar del equipo:<\/h3>\n<ul>\n<li>Manguera HP 2 x \u00d8 1\/2&#8243; &#8211; 15 m &#8211; 1\/2&#8243; NPS<\/li>\n<li>Tramo de manguera 3\/8&#8243; &#8211; 3,5 m<\/li>\n<li>Pistola airless 250 bar &#8211; bola de 5 mm<\/li>\n<li>Boquillas 531 y 541 con base para boquillas<\/li>\n<li>Accesorios: Tip-Clean y cepillos de limpieza<\/li>\n<\/ul>\n<h3>Aplicaciones<\/h3>\n<p>Acr\u00edlicos, anticorrosivos, emulsiones, fijadores, imprimaciones, pinturas al agua, tintes, lacas, esmaltes, barnices, elast\u00f3meros, impermeabilizantes, encapsulantes, masillas y m\u00e1s.<\/p>\n<h3>\u00c1mbitos de aplicaci\u00f3n<\/h3>\n<p>Pintura interior y exterior \u2022 Revestimientos \u2022 Reformas \u2022 Pintura de naves industriales \u2022 Estructuras met\u00e1licas \u2022 Recubrimientos protectores \u2022 Mantenimiento de edificios \u2022 etc.<\/p>\n","protected":false},"excerpt":{"rendered":"<p>La <strong>EP45<\/strong> es una <strong>bomba airless el\u00e9ctrica de pist\u00f3n<\/strong>, dise\u00f1ada para trabajos de gran envergadura en el sector de la pintura por pulverizaci\u00f3n. Gracias a su alta potencia y estructura robusta, ofrece un rendimiento excelente para aplicaciones industriales y de construcci\u00f3n.<\/p>\n","protected":false},"featured_media":6254,"template":"","meta":[],"product_brand":[],"product_cat":[587],"product_tag":[480],"class_list":{"0":"post-6347","1":"product","2":"type-product","3":"status-publish","4":"has-post-thumbnail","6":"product_cat-bombas-electricas-de-piston","7":"product_tag-construccion","9":"first","10":"instock","11":"shipping-taxable","12":"purchasable","13":"product-type-simple"},"_links":{"self":[{"href":"https:\/\/digital4d.net\/masterspray\/wp-json\/wp\/v2\/product\/6347","targetHints":{"allow":["GET"]}}],"collection":[{"href":"https:\/\/digital4d.net\/masterspray\/wp-json\/wp\/v2\/product"}],"about":[{"href":"https:\/\/digital4d.net\/masterspray\/wp-json\/wp\/v2\/types\/product"}],"wp:featuredmedia":[{"embeddable":true,"href":"https:\/\/digital4d.net\/masterspray\/wp-json\/wp\/v2\/media\/6254"}],"wp:attachment":[{"href":"https:\/\/digital4d.net\/masterspray\/wp-json\/wp\/v2\/media?parent=6347"}],"wp:term":[{"taxonomy":"product_brand","embeddable":true,"href":"https:\/\/digital4d.net\/masterspray\/wp-json\/wp\/v2\/product_brand?post=6347"},{"taxonomy":"product_cat","embeddable":true,"href":"https:\/\/digital4d.net\/masterspray\/wp-json\/wp\/v2\/product_cat?post=6347"},{"taxonomy":"product_tag","embeddable":true,"href":"https:\/\/digital4d.net\/masterspray\/wp-json\/wp\/v2\/product_tag?post=6347"}],"curies":[{"name":"wp","href":"https:\/\/api.w.org\/{rel}","templated":true}]}}